{"id":155,"date":"2026-03-02T16:50:57","date_gmt":"2026-03-02T16:50:57","guid":{"rendered":"https:\/\/tender-mclaren.75-119-158-27.plesk.page\/?page_id=155"},"modified":"2026-03-02T17:01:32","modified_gmt":"2026-03-02T17:01:32","slug":"mentions-legales","status":"publish","type":"page","link":"https:\/\/b-p-electricite.fr\/?page_id=155","title":{"rendered":"Mentions l\u00e9gales"},"content":{"rendered":"\t\t<div data-elementor-type=\"wp-page\" data-elementor-id=\"155\" class=\"elementor elementor-155\" data-elementor-post-type=\"page\">\n\t\t\t\t<div class=\"elementor-element elementor-element-f71250e e-flex e-con-boxed e-con e-parent\" data-id=\"f71250e\" data-element_type=\"container\" data-e-type=\"container\">\n\t\t\t\t\t<div class=\"e-con-inner\">\n\t\t\t\t<div class=\"elementor-element elementor-element-b16e391 elementor-widget elementor-widget-heading\" data-id=\"b16e391\" data-element_type=\"widget\" data-e-type=\"widget\" data-widget_type=\"heading.default\">\n\t\t\t\t\t<h3 class=\"elementor-heading-title elementor-size-default\">Politique de confidentialit\u00e9  <\/h3>\t\t\t\t<\/div>\n\t\t\t\t<div class=\"elementor-element elementor-element-f2fda22 animated-slow elementor-invisible elementor-widget elementor-widget-text-editor\" data-id=\"f2fda22\" data-element_type=\"widget\" data-e-type=\"widget\" data-settings=\"{&quot;_animation&quot;:&quot;fadeInLeft&quot;}\" data-widget_type=\"text-editor.default\">\n\t\t\t\t\t\t\t\t\t<h3><span class=\"lh-1 font-size-16\">Introduction<\/span><\/h3><div id=\"1128568448\" class=\"dmNewParagraph\"><div><span class=\"lh-1 font-size-15\"><span style=\"color: #000000;\">La pr\u00e9sente Politique de confidentialit\u00e9 d\u00e9crit les pratiques de<\/span>\u00a0<b>BPELECTRICITE<\/b><span style=\"color: #000000;\">\u00a0concernant les informations collect\u00e9es aupr\u00e8s des utilisateurs qui acc\u00e8dent \u00e0 notre site web \u00e0 l&rsquo;adresse https:\/\/www.b-p-electricite.fr<\/span><\/span><span style=\"color: #000000;\">\u00a0ou qui partagent des informations personnelles avec nous (conjointement\u00a0: \u00ab\u00a0<\/span>\u00a0les Utilisateurs\u00a0<span style=\"color: #000000;\">\u00ab\u00a0).\u00a0<\/span><\/div><\/div><div><span class=\"lh-1 font-size-16\">Directeur de publication : Philippe BIOJOUT<\/span>,\u00a0G\u00e9rant de la soci\u00e9t\u00e9 BPELECTRICITE<\/div><div>\u00a0<\/div><div><b>BIOJOUT PHILIPPE &#8211; Soci\u00e9t\u00e9 BPELECTRICITE\u00a0<\/b><\/div><div>180 Chemin le Val<\/div><div>27210 FOULBEC<\/div><div>06.89.04.68.35<\/div><div><span style=\"color: #1e2b6b; font-family: Poppins;\">\u00a0<\/span><\/div><div><span style=\"color: #1e2b6b; font-family: Poppins;\">N\u00b0 de SIRET :\u00a0 \u200e89507513300010\u00a0<\/span><\/div><div><p><span class=\"lh-1 font-size-16\">Conception et h\u00e9bergement du site :\u00a0<a href=\"https:\/\/www.agencescoopcommunication.com\/\" target=\"_blank\" rel=\"noopener\">Agence Scoop communication<\/a>, 585 rue de la Juine, 45160 Olivet &#8211; Mail :\u00a0<a href=\"mailto:agence@scoopcommunication.com\" target=\"_blank\" rel=\"noopener\">agence@scoopcommunication.com<\/a><\/span><\/p><p>\u00a0<\/p><\/div><h3><span class=\"lh-1 font-size-16\">Raisons de la collecte de donn\u00e9es\u00a0<\/span><\/h3><div id=\"1775114102\" class=\"dmNewParagraph\"><div><p><span class=\"lh-1 font-size-15\">Le traitement de vos informations personnelles (c&rsquo;est-a-dire toute information qui pourrait potentiellement permettre votre identification par des moyens raisonnables\u00a0; ci-apr\u00e8s \u00a0\u00bb\u00a0Informations personnelles\u00a0\u00a0\u00bb\u00a0est n\u00e9cessaire pour l&rsquo;ex\u00e9cution de nos obligations contractuelles envers vous et pour vous fournir nos services, prot\u00e9ger nos int\u00e9r\u00eats l\u00e9gitimes et respecter les obligations r\u00e9glementaires (l\u00e9gales et financi\u00e8res) auxquelles nous sommes soumis.<\/span><\/p><div>Lorsque vous utilisez le Site, vous acceptez la collecte, le stockage, l&rsquo;utilisation, la divulgation et d&rsquo;autres utilisations de vos Informations personnelles comme pr\u00e9vu dans la pr\u00e9sente Politique de confidentialit\u00e9.<\/div><div>Nous encourageons nos utilisateurs \u00e0 lire attentivement la Politique de confidentialit\u00e9 et \u00e0 l&rsquo;utiliser pour prendre des d\u00e9cisions \u00e9clair\u00e9es.<\/div><\/div><h3>Quelles informations recueillons-nous ?<\/h3><\/div><div id=\"1160346870\" class=\"dmNewParagraph\"><div><span class=\"lh-1 font-size-15\">Nous recueillons deux types de donn\u00e9es et d&rsquo;informations concernant nos Utilisateurs.\u00a0<\/span><\/div><div><span class=\"lh-1 font-size-15\">Le premier type regroupe les informations non-identifi\u00e9es et ne permettant pas d&rsquo;identification qui concernent un ou plusieurs Utilisateurs, et qui peuvent \u00eatre mises \u00e0 notre disposition ou collect\u00e9es du fait de leur utilisation du Site (\u00a0\u00bb\u00a0Informations non personnelles\u00a0\u00ab\u00a0). Nous ne connaissons pas l&rsquo;identit\u00e9 des Utilisateurs aupr\u00e8s desquels ces informations non personnelles ont \u00e9t\u00e9 collect\u00e9es. Les informations non personnelles qui sont collect\u00e9es peuvent inclure vos informations d&rsquo;utilisation agr\u00e9g\u00e9es et des informations techniques transmises par votre appareil, notamment certaines informations relatives aux logiciels et aux mat\u00e9riels informatiques (par ex.\u00a0: le type de navigateur et de syst\u00e8me d&rsquo;exploitation que votre appareil utilise, les param\u00e8tres de langue, l&rsquo;heure d&rsquo;acc\u00e8s, etc.) afin d&rsquo;am\u00e9liorer la fonctionnalit\u00e9 de notre Site. Nous pouvons \u00e9galement recueillir des informations concernant votre activit\u00e9 sur le Site (par ex.\u00a0: les pages consult\u00e9es, la navigation en ligne, les clics, les actions, etc.).<\/span><\/div><div><span class=\"lh-1 font-size-15\">\u00a0<\/span><\/div><div><span class=\"lh-1 font-size-15\">Le second type regroupe les\u00a0Informations personnelles\u00a0, c&rsquo;est \u00e0 dire des informations d&rsquo;identification individuelle, qui identifient un individu ou qui sont susceptibles, par des moyens raisonnables, de permettre l&rsquo;identification d&rsquo;un individu. Ces informations incluent\u00a0:<\/span><\/div><div><ul class=\"innerList defaultList\"><li><span class=\"lh-1 font-size-15\">Les informations sur l&rsquo;appareil\u00a0: nous collectons des Informations personnelles sur votre appareil qui incluent les donn\u00e9es de g\u00e9olocalisation, l&rsquo;adresse IP, les identifiants uniques (par ex.\u00a0: adresse MAC et UUID) et d&rsquo;autres informations relatives \u00e0 votre activit\u00e9 sur le Site.<\/span><\/li><li>Les informations d&rsquo;inscription : lorsque vous vous inscrivez sur notre Site, nous vous demanderons de fournir certains renseignements, \u00e0 savoir : vos nom et pr\u00e9nom, votre adresse e-mail ou postale, ainsi que d&rsquo;autres informations.<\/li><\/ul><\/div><\/div><h3><span class=\"lh-1 font-size-16\">Comment recevons-nous les informations vous concernant\u00a0?<\/span><\/h3><div id=\"1563236509\" class=\"dmNewParagraph u_1563236509\"><div><span class=\"lh-1 font-size-15\">Vos Informations personnelles sont collect\u00e9es de plusieurs fa\u00e7ons\u00a0:<\/span><\/div><div><div><ul class=\"innerList defaultList\"><li><span class=\"lh-1 font-size-15\">Lorsque vous fournissez volontairement vos donn\u00e9es personnelles en vous inscrivant sur notre Site\u00a0;<\/span><\/li><li><span class=\"lh-1 font-size-15\">Lorsque vous utilisez notre Site ou y acc\u00e9dez en rapport avec votre utilisation de nos services\u00a0;<\/span><\/li><li><span class=\"lh-1 font-size-15\">\u00c0 partir de fournisseurs, de services et de registres publics tiers (par exemple\u00a0: des fournisseurs d&rsquo;analyse du trafic).<\/span><\/li><\/ul><\/div><\/div><\/div><h3><span class=\"lh-1 font-size-16\">Quelles informations recueillons-nous\u00a0?<\/span><\/h3><div id=\"1159940019\" class=\"dmNewParagraph\"><div><p><span class=\"lh-1 font-size-15\">Nous ne louons pas, ne vendons pas ni ne partageons les informations des Utilisateurs avec des tiers, sauf tel que d\u00e9crit dans la pr\u00e9sente Politique de confidentialit\u00e9.<\/span><\/p><p><span class=\"lh-1 font-size-15\">Nous pouvons utiliser les informations pour les raisons suivantes\u00a0:<\/span><\/p><\/div><div><ul class=\"innerList defaultList\"><li><span class=\"lh-1 font-size-15\">Communiquer avec vous\u00a0: en vous envoyant des messages concernant nos services, en vous fournissant des informations techniques et en r\u00e9pondant \u00e0 toute question relative au service client que vous pouvez poser\u00a0;<br \/><\/span><\/li><li><span class=\"lh-1 font-size-15\">Communiquer avec vous et vous informer des derni\u00e8res mises \u00e0 jour et des nouveaux services<\/span><\/li><\/ul><\/div><div>\u00a0<\/div><div><span class=\"lh-1 font-size-15\">Outre les raisons mentionn\u00e9es dans la pr\u00e9sente Politique de confidentialit\u00e9, nous pouvons partager les Informations personnelles avec des fournisseurs tiers de confiance (qui peuvent d\u00e9pendre de diff\u00e9rentes juridictions dans le monde), pour les raisons suivantes\u00a0:\u00a0<\/span><\/div><div><ul class=\"innerList defaultList\"><li><span class=\"lh-1 font-size-15\">H\u00e9berger et exploiter notre Site<\/span><\/li><\/ul><\/div><\/div><h3><span class=\"lh-1 font-size-16\">Droits des utilisateurs<\/span><\/h3><div id=\"1462819488\" class=\"dmNewParagraph\"><div><span class=\"lh-1 font-size-15\">Vous pouvez demander \u00e0\u00a0:\u00a0<\/span><\/div><div><ol class=\"innerList defaultList\"><li><span class=\"lh-1 font-size-15\">Recevoir une confirmation du traitement des informations personnelles vous concernant (ou un avis de non-traitement de vos informations personnelles, le cas \u00e9ch\u00e9ant) et acc\u00e9der \u00e0 vos informations personnelles stock\u00e9es, ainsi qu&rsquo;\u00e0 des informations suppl\u00e9mentaires.<br \/><\/span><\/li><li><span class=\"lh-1 font-size-15\">Recevoir une copie des informations personnelles que vous nous avez fournies volontairement dans un format structur\u00e9, couramment utilis\u00e9 et lisible par un ordinateur.<br \/><\/span><\/li><li><span class=\"lh-1 font-size-15\">Demander la rectification de vos informations personnelles que nous stockons.<br \/><\/span><\/li><li><span class=\"lh-1 font-size-15\">Demander la suppression de vos informations personnelles.<br \/><\/span><\/li><li><span class=\"lh-1 font-size-15\">Refuser le traitement de vos informations personnelles.<br \/><\/span><\/li><li><span class=\"lh-1 font-size-15\">Demander que nous limitions le traitement de vos informations personnelles.<br \/><\/span><\/li><li><span class=\"lh-1 font-size-15\">D\u00e9poser une plainte aupr\u00e8s d&rsquo;une autorit\u00e9 de surveillance.<br \/><\/span><\/li><\/ol><\/div><div><span class=\"lh-1 font-size-15\">\u00a0<\/span><\/div><div><span class=\"lh-1 font-size-15\">Veuillez noter cependant que ces droits ne sont pas absolus et peuvent \u00eatre soumis \u00e0 nos propres int\u00e9r\u00eats l\u00e9gitimes et exigences r\u00e9glementaires.\u00a0<\/span><\/div><div><span class=\"lh-1 font-size-15\">\u00a0<\/span><\/div><div><span class=\"lh-1 font-size-15\">Si vous souhaitez exercer l&rsquo;un des droits susmentionn\u00e9s ou recevoir plus d&rsquo;informations, veuillez contacter notre d\u00e9l\u00e9gu\u00e9 \u00e0 la protection des donn\u00e9es \u00e0 l&rsquo;aide des informations fournies ci-dessous :\u00a0<\/span><b>b-p-electricite.fr.<\/b><\/div><h3><span style=\"font-family: -apple-system, BlinkMacSystemFont, 'Segoe UI', Roboto, 'Helvetica Neue', Arial, 'Noto Sans', sans-serif, 'Apple Color Emoji', 'Segoe UI Emoji', 'Segoe UI Symbol', 'Noto Color Emoji';\">Conservation<\/span><\/h3><\/div><div id=\"1772699969\" class=\"dmNewParagraph\"><div><span class=\"lh-1 font-size-15\">Nous conserverons vos informations personnelles aussi longtemps que n\u00e9cessaire pour fournir nos services, et si n\u00e9cessaire pour respecter nos obligations l\u00e9gales, r\u00e9soudre des litiges et faire appliquer nos politiques. Les dur\u00e9es de conservation seront d\u00e9termin\u00e9es selon le type d&rsquo;informations collect\u00e9es et l&rsquo;objectif de leur collecte, compte tenu des exigences applicables \u00e0 la situation et le besoin de d\u00e9truire des informations obsol\u00e8tes et non utilis\u00e9es dans les meilleurs d\u00e9lais. En vertu des lois et des r\u00e8glements en vigueur, nous conserverons des archives contenant les renseignements personnels du client, les documents d&rsquo;ouverture du compte, les communications et toute autre information requise.\u00a0<\/span><\/div><div><span class=\"lh-1 font-size-15\">\u00a0<\/span><\/div><div><span class=\"lh-1 font-size-15\">Nous pouvons rectifier, compl\u00e9ter ou supprimer des informations incompl\u00e8tes ou incorrectes, \u00e0 tout moment et \u00e0 notre seule discr\u00e9tion.<\/span><\/div><\/div><h3><span class=\"lh-1 font-size-16\">Cookies<\/span><\/h3><div id=\"1247021810\" class=\"dmNewParagraph\"><div><span class=\"lh-1 font-size-15\">Nos partenaires de confiance et nous-m\u00eames utilisons des cookies et d&rsquo;autres technologies dans nos services connexes, y compris lorsque vous visitez notre Site ou acc\u00e9dez \u00e0 nos services.\u00a0<\/span><\/div><div><span class=\"lh-1 font-size-15\">\u00a0<\/span><\/div><div><span class=\"lh-1 font-size-15\">Un \u00ab\u00a0cookie\u00a0\u00bb est un petit fragment d&rsquo;information qu&rsquo;un site web attribue \u00e0 votre appareil lors de votre consultation du site. Les cookies sont tr\u00e8s utiles et leur utilisation peut avoir diff\u00e9rents objectifs, notamment de vous permettre de naviguer efficacement d&rsquo;une page \u00e0 l&rsquo;autre, d&rsquo;autoriser l&rsquo;activation automatique de certaines fonctionnalit\u00e9s, de m\u00e9moriser vos pr\u00e9f\u00e9rences et de vous permettre d&rsquo;interagir avec nos Services plus rapidement et plus simplement. Les cookies sont \u00e9galement utilis\u00e9s pour faire en sorte que les publicit\u00e9s que vous voyez correspondent \u00e0 vos int\u00e9r\u00eats et soient personnalis\u00e9es en cons\u00e9quence, ainsi que pour compiler des donn\u00e9es statistiques sur votre utilisation de nos Services.<\/span><\/div><div><span class=\"lh-1 font-size-15\">\u00a0<\/span><\/div><div><span class=\"lh-1 font-size-15\">Le Site utilise les types de cookies suivants\u00a0:<\/span><\/div><div><span class=\"lh-1 font-size-15\">\u00a0<\/span><\/div><div><span class=\"lh-1 font-size-15\"><strong>a. Les \u00ab\u00a0cookies de session\u00a0\u00bb<\/strong>\u00a0qui sont conserv\u00e9s uniquement de fa\u00e7on temporaire lors de votre session de navigation afin de permettre une utilisation normale du syst\u00e8me, et sont supprim\u00e9s de votre appareil lorsque vous fermez le navigateur\u00a0;\u00a0<\/span><\/div><div><span class=\"lh-1 font-size-15\">\u00a0<\/span><\/div><div><span class=\"lh-1 font-size-15\"><strong>b. Les \u00ab\u00a0cookies persistants\u00a0\u00a0\u00bb<\/strong> qui ne sont lus que par le Site, qui sont enregistr\u00e9s sur votre ordinateur pour une dur\u00e9e d\u00e9termin\u00e9e et ne sont pas supprim\u00e9s lorsque le navigateur est ferm\u00e9. Ces cookies sont utilis\u00e9s lorsque nous devons vous reconnaitre lors de visites r\u00e9p\u00e9t\u00e9es, par exemple, pour nous permettre de conserver vos pr\u00e9f\u00e9rences lors de votre prochaine connexion\u00a0;\u00a0<\/span><\/div><div><span class=\"lh-1 font-size-15\">\u00a0<\/span><\/div><div><span class=\"lh-1 font-size-15\"><strong>c. Les \u00ab\u00a0cookies tiers\u00a0\u00bb<\/strong>\u00a0qui sont mis en place par d&rsquo;autres services en ligne qui g\u00e8rent du contenu sur la page que vous consultez, par exemple, par les soci\u00e9t\u00e9s d&rsquo;analyse tierces qui surveillent et analysent notre acc\u00e8s web.<\/span><\/div><div><span class=\"lh-1 font-size-15\">\u00a0<\/span><\/div><div><span class=\"lh-1 font-size-15\">Les cookies ne contiennent aucune information permettant de vous identifier personnellement, mais nous pouvons associer les Informations personnelles vous concernant que nous stockons aux informations stock\u00e9es et obtenues par les cookies. Vous pouvez supprimer les cookies en suivant les instructions dans les pr\u00e9f\u00e9rences de votre appareil. Sachez toutefois que si vous choisissez de d\u00e9sactiver les cookies, certaines fonctionnalit\u00e9s de notre Site pourront ne pas fonctionner correctement et votre exp\u00e9rience en ligne pourrait \u00eatre limit\u00e9e.<\/span><\/div><div><span class=\"lh-1 font-size-15\">\u00a0<\/span><\/div><div><span class=\"lh-1 font-size-15\">Nous utilisons \u00e9galement un outil nomm\u00e9 \u00ab\u00a0Google Analytics\u00a0\u00bb pour recueillir des informations sur votre utilisation du Site. Google Analytics recueille des informations telles que la fr\u00e9quence d&rsquo;acc\u00e8s des utilisateurs au Site, les pages qu&rsquo;ils consultent, etc. Nous utilisons les informations recueillies par Google Analytics uniquement pour am\u00e9liorer le Site et ses services. Google Analytics collecte l&rsquo;adresse IP qui vous est attribu\u00e9e le jour de votre visite des sites, plut\u00f4t que votre nom ou toute information d&rsquo;identification. Nous ne combinons pas les informations recueillies par Google Analytics aux informations qui permettent de vous identifier personnellement. La capacit\u00e9 de Google d&rsquo;utiliser et de partager les informations recueillies par Google Analytics concernant vos visites de ce Site est limit\u00e9e par les\u00a0<a href=\"https:\/\/www.b-p-electricite.fr\/\">Conditions d&rsquo;utilisation<\/a>\u00a0et la\u00a0<a href=\"https:\/\/www.b-p-electricite.fr\/\">Politique de confidentialit\u00e9 de Google<\/a>.<\/span><\/div><\/div><h3><span class=\"lh-1 font-size-16\">Collecte d&rsquo;informations par des tiers<\/span><\/h3><div id=\"1397587053\" class=\"dmNewParagraph\"><div><span class=\"lh-1 font-size-15\">Notre politique concerne uniquement l&rsquo;utilisation et la divulgation des informations que nous collectons aupr\u00e8s de vous. Dans la mesure o\u00f9 vous divulguez vos informations \u00e0 d&rsquo;autres parties ou sites sur Internet, des r\u00e8gles diff\u00e9rentes peuvent s&rsquo;appliquer \u00e0 leur utilisation ou \u00e0 leur divulgation. Par cons\u00e9quent, nous vous encourageons \u00e0 lire les conditions d&rsquo;utilisation et la politique de confidentialit\u00e9 de chaque partie tierce \u00e0 laquelle vous divulguez volontairement vos informations.\u00a0<\/span><\/div><div><span class=\"lh-1 font-size-15\">\u00a0<\/span><\/div><div><span class=\"lh-1 font-size-15\">La pr\u00e9sente Politique de confidentialit\u00e9 ne s&rsquo;applique pas aux pratiques des soci\u00e9t\u00e9s dont nous ne sommes pas propri\u00e9taires et que nous ne contr\u00f4lons pas, ni aux individus que nous n&#8217;employons pas ni ne g\u00e9rons, notamment toute partie tierce \u00e0 laquelle nous pouvons divulguer vos informations comme indiqu\u00e9 par la pr\u00e9sente Politique de confidentialit\u00e9.\u00a0<\/span><\/div><\/div><h3><span class=\"lh-1 font-size-16\">Nous contacter<\/span><\/h3><div id=\"1296811157\" class=\"dmNewParagraph\"><div><span class=\"lh-1 font-size-15\">Si vous avez des questions g\u00e9n\u00e9rales concernant le Site ou notre collecte et notre utilisation des informations vous concernant, veuillez nous contacter \u00e0 l&rsquo;adresse\u00a0:\u00a0<b>b-p-electricite.fr<\/b><\/span><\/div><div>\u00a0<\/div><div><span class=\"lh-1 font-size-15\">Derni\u00e8re modification : 19\/12\/2025<\/span><\/div><\/div>\t\t\t\t\t\t\t\t<\/div>\n\t\t\t\t\t<\/div>\n\t\t\t\t<\/div>\n\t\t\t\t<\/div>\n\t\t","protected":false},"excerpt":{"rendered":"<p>Politique de confidentialit\u00e9 Introduction La pr\u00e9sente Politique de confidentialit\u00e9 d\u00e9crit les pratiques de\u00a0BPELECTRICITE\u00a0concernant les informations collect\u00e9es aupr\u00e8s des utilisateurs qui acc\u00e8dent \u00e0 notre site web \u00e0 l&rsquo;adresse https:\/\/www.b-p-electricite.fr\u00a0ou qui partagent des informations personnelles avec nous (conjointement\u00a0: \u00a0\u00bb\u00a0les Utilisateurs\u00a0\u00ab\u00a0).\u00a0Directeur de publication : Philippe BIOJOUT,\u00a0G\u00e9rant de la soci\u00e9t\u00e9 BPELECTRICITE\u00a0BIOJOUT PHILIPPE &#8211; Soci\u00e9t\u00e9 BPELECTRICITE\u00a0180 Chemin le Val27210 FOULBEC06.89.04.68.35\u00a0N\u00b0 [&hellip;]<\/p>\n","protected":false},"author":1,"featured_media":0,"parent":0,"menu_order":0,"comment_status":"closed","ping_status":"closed","template":"","meta":{"footnotes":""},"class_list":["post-155","page","type-page","status-publish","hentry"],"_links":{"self":[{"href":"https:\/\/b-p-electricite.fr\/index.php?rest_route=\/wp\/v2\/pages\/155","targetHints":{"allow":["GET"]}}],"collection":[{"href":"https:\/\/b-p-electricite.fr\/index.php?rest_route=\/wp\/v2\/pages"}],"about":[{"href":"https:\/\/b-p-electricite.fr\/index.php?rest_route=\/wp\/v2\/types\/page"}],"author":[{"embeddable":true,"href":"https:\/\/b-p-electricite.fr\/index.php?rest_route=\/wp\/v2\/users\/1"}],"replies":[{"embeddable":true,"href":"https:\/\/b-p-electricite.fr\/index.php?rest_route=%2Fwp%2Fv2%2Fcomments&post=155"}],"version-history":[{"count":10,"href":"https:\/\/b-p-electricite.fr\/index.php?rest_route=\/wp\/v2\/pages\/155\/revisions"}],"predecessor-version":[{"id":166,"href":"https:\/\/b-p-electricite.fr\/index.php?rest_route=\/wp\/v2\/pages\/155\/revisions\/166"}],"wp:attachment":[{"href":"https:\/\/b-p-electricite.fr\/index.php?rest_route=%2Fwp%2Fv2%2Fmedia&parent=155"}],"curies":[{"name":"wp","href":"https:\/\/api.w.org\/{rel}","templated":true}]}}