{"id":54,"date":"2026-03-02T13:28:38","date_gmt":"2026-03-02T13:28:38","guid":{"rendered":"https:\/\/tender-mclaren.75-119-158-27.plesk.page\/?page_id=54"},"modified":"2026-03-02T17:03:18","modified_gmt":"2026-03-02T17:03:18","slug":"accueil","status":"publish","type":"page","link":"https:\/\/b-p-electricite.fr\/","title":{"rendered":"Accueil"},"content":{"rendered":"\t\t<div data-elementor-type=\"wp-page\" data-elementor-id=\"54\" class=\"elementor elementor-54\" data-elementor-post-type=\"page\">\n\t\t\t\t<div class=\"elementor-element elementor-element-2137e02 e-flex e-con-boxed e-con e-parent\" data-id=\"2137e02\" data-element_type=\"container\" data-e-type=\"container\" data-settings=\"{&quot;background_background&quot;:&quot;classic&quot;}\">\n\t\t\t\t\t<div class=\"e-con-inner\">\n\t\t\t\t<div class=\"elementor-element elementor-element-31fc940 elementor-widget elementor-widget-heading\" data-id=\"31fc940\" data-element_type=\"widget\" data-e-type=\"widget\" data-widget_type=\"heading.default\">\n\t\t\t\t\t<h1 class=\"elementor-heading-title elementor-size-default\">\u00c9lectricien qualifi\u00e9 proche<br>\nde chez vous<\/h1>\t\t\t\t<\/div>\n\t\t\t\t<div class=\"elementor-element elementor-element-8d20ab3 elementor-widget elementor-widget-heading\" data-id=\"8d20ab3\" data-element_type=\"widget\" data-e-type=\"widget\" data-widget_type=\"heading.default\">\n\t\t\t\t\t<h4 class=\"elementor-heading-title elementor-size-default\">23 ans d\u2019exp\u00e9riences<\/h4>\t\t\t\t<\/div>\n\t\t\t\t<div class=\"elementor-element elementor-element-9d43798 elementor-align-center elementor-widget__width-initial elementor-widget elementor-widget-button\" data-id=\"9d43798\" data-element_type=\"widget\" data-e-type=\"widget\" data-widget_type=\"button.default\">\n\t\t\t\t\t\t\t\t\t\t<a class=\"elementor-button elementor-button-link elementor-size-sm elementor-animation-grow\" href=\"#Contact\">\n\t\t\t\t\t\t<span class=\"elementor-button-content-wrapper\">\n\t\t\t\t\t\t\t\t\t<span class=\"elementor-button-text\">DEMANDEZ UN RENDEZ-VOUS <\/span>\n\t\t\t\t\t<\/span>\n\t\t\t\t\t<\/a>\n\t\t\t\t\t\t\t\t<\/div>\n\t\t\t\t\t<\/div>\n\t\t\t\t<\/div>\n\t\t<div class=\"elementor-element elementor-element-43bf3fd e-flex e-con-boxed e-con e-parent\" data-id=\"43bf3fd\" data-element_type=\"container\" data-e-type=\"container\" id=\"Decouvrir\" data-settings=\"{&quot;background_background&quot;:&quot;classic&quot;}\">\n\t\t\t\t\t<div class=\"e-con-inner\">\n\t\t<div class=\"elementor-element elementor-element-792946c e-con-full e-flex e-con e-child\" data-id=\"792946c\" data-element_type=\"container\" data-e-type=\"container\">\n\t\t\t\t<div class=\"elementor-element elementor-element-b999c8a animated-slow elementor-invisible elementor-widget elementor-widget-text-editor\" data-id=\"b999c8a\" data-element_type=\"widget\" data-e-type=\"widget\" data-settings=\"{&quot;_animation&quot;:&quot;fadeInLeft&quot;}\" data-widget_type=\"text-editor.default\">\n\t\t\t\t\t\t\t\t\t<p><span class=\"\" data-ninja-font=\"spartan_thin_normal_u3bhc\">BP Electricit\u00e9 r\u00e9alise du d\u00e9pannage , la mise aux normes des installations \u00e9lectriques, de la r\u00e9novation et de la domotique.<\/span><\/p><p><span class=\"\" data-ninja-font=\"spartan_thin_normal_u3bhc\">Votre sp\u00e9cialiste se d\u00e9place dans l\u2019Eure, le Calvados et La Seine Maritime.<\/span><\/p>\t\t\t\t\t\t\t\t<\/div>\n\t\t\t\t<\/div>\n\t\t<div class=\"elementor-element elementor-element-7f33aea e-con-full e-flex e-con e-child\" data-id=\"7f33aea\" data-element_type=\"container\" data-e-type=\"container\">\n\t\t\t\t<div class=\"elementor-element elementor-element-eb943bf elementor-widget elementor-widget-image\" data-id=\"eb943bf\" data-element_type=\"widget\" data-e-type=\"widget\" data-widget_type=\"image.default\">\n\t\t\t\t\t\t\t\t\t\t\t\t\t\t\t<img fetchpriority=\"high\" decoding=\"async\" width=\"321\" height=\"360\" src=\"https:\/\/b-p-electricite.fr\/wp-content\/uploads\/2026\/03\/OQ3OW91-Converti-83ddee9a-1920w.png\" class=\"attachment-large size-large wp-image-67\" alt=\"\" srcset=\"https:\/\/b-p-electricite.fr\/wp-content\/uploads\/2026\/03\/OQ3OW91-Converti-83ddee9a-1920w.png 321w, https:\/\/b-p-electricite.fr\/wp-content\/uploads\/2026\/03\/OQ3OW91-Converti-83ddee9a-1920w-268x300.png 268w\" sizes=\"(max-width: 321px) 100vw, 321px\" \/>\t\t\t\t\t\t\t\t\t\t\t\t\t\t\t<\/div>\n\t\t\t\t<\/div>\n\t\t\t\t\t<\/div>\n\t\t\t\t<\/div>\n\t\t<div class=\"elementor-element elementor-element-64a4b0c e-flex e-con-boxed e-con e-parent\" data-id=\"64a4b0c\" data-element_type=\"container\" data-e-type=\"container\" id=\"Interventions\">\n\t\t\t\t\t<div class=\"e-con-inner\">\n\t\t\t\t<div class=\"elementor-element elementor-element-823179d elementor-widget elementor-widget-heading\" data-id=\"823179d\" data-element_type=\"widget\" data-e-type=\"widget\" data-widget_type=\"heading.default\">\n\t\t\t\t\t<h2 class=\"elementor-heading-title elementor-size-default\">INTERVENTIONS\n<\/h2>\t\t\t\t<\/div>\n\t\t<div class=\"elementor-element elementor-element-7b1c21f e-con-full e-flex e-con e-child\" data-id=\"7b1c21f\" data-element_type=\"container\" data-e-type=\"container\">\n\t\t<div class=\"elementor-element elementor-element-8f538bd e-con-full animated-slow e-flex elementor-invisible e-con e-child\" data-id=\"8f538bd\" data-element_type=\"container\" data-e-type=\"container\" data-settings=\"{&quot;animation&quot;:&quot;fadeInLeft&quot;}\">\n\t\t\t\t<div class=\"elementor-element elementor-element-1f85f0d elementor-widget elementor-widget-image\" data-id=\"1f85f0d\" data-element_type=\"widget\" data-e-type=\"widget\" data-widget_type=\"image.default\">\n\t\t\t\t\t\t\t\t\t\t\t\t\t\t\t<img decoding=\"async\" width=\"458\" height=\"410\" src=\"https:\/\/b-p-electricite.fr\/wp-content\/uploads\/2026\/03\/Plandetravail3_2-4x-1920w.png\" class=\"attachment-large size-large wp-image-76\" alt=\"\" srcset=\"https:\/\/b-p-electricite.fr\/wp-content\/uploads\/2026\/03\/Plandetravail3_2-4x-1920w.png 458w, https:\/\/b-p-electricite.fr\/wp-content\/uploads\/2026\/03\/Plandetravail3_2-4x-1920w-300x269.png 300w\" sizes=\"(max-width: 458px) 100vw, 458px\" \/>\t\t\t\t\t\t\t\t\t\t\t\t\t\t\t<\/div>\n\t\t\t\t<\/div>\n\t\t<div class=\"elementor-element elementor-element-5bfe414 e-con-full animated-slow e-flex elementor-invisible e-con e-child\" data-id=\"5bfe414\" data-element_type=\"container\" data-e-type=\"container\" data-settings=\"{&quot;animation&quot;:&quot;fadeInRight&quot;}\">\n\t\t\t\t<div class=\"elementor-element elementor-element-8e1f244 elementor-widget elementor-widget-heading\" data-id=\"8e1f244\" data-element_type=\"widget\" data-e-type=\"widget\" data-widget_type=\"heading.default\">\n\t\t\t\t\t<h3 class=\"elementor-heading-title elementor-size-default\">Installation neuve et domotique<\/h3>\t\t\t\t<\/div>\n\t\t\t\t<div class=\"elementor-element elementor-element-e3f4777 animated-slow elementor-invisible elementor-widget elementor-widget-text-editor\" data-id=\"e3f4777\" data-element_type=\"widget\" data-e-type=\"widget\" data-settings=\"{&quot;_animation&quot;:&quot;fadeInLeft&quot;}\" data-widget_type=\"text-editor.default\">\n\t\t\t\t\t\t\t\t\t<p><span class=\"\" data-ninja-font=\"spartan_thin_normal_u3bhc\">Reconnue pour son savoir-faire et son expertise, BPELECTRICTE intervient pour r\u00e9pondre \u00e0 toute demande d\u2019installation neuve. Am\u00e9liorez votre confort en optant par nos solutions domotiques ?<\/span><\/p><p><span class=\"\" data-ninja-font=\"spartan_thin_normal_u3bhc\">Installateur qualifi\u00e9, BP ELECTRICITE propose des interventions efficaces et des r\u00e9sultats assur\u00e9s.<\/span><\/p>\t\t\t\t\t\t\t\t<\/div>\n\t\t\t\t<\/div>\n\t\t\t\t<\/div>\n\t\t<div class=\"elementor-element elementor-element-5e63a74 e-con-full e-flex e-con e-child\" data-id=\"5e63a74\" data-element_type=\"container\" data-e-type=\"container\">\n\t\t<div class=\"elementor-element elementor-element-09cea35 e-con-full animated-slow e-flex elementor-invisible e-con e-child\" data-id=\"09cea35\" data-element_type=\"container\" data-e-type=\"container\" data-settings=\"{&quot;animation&quot;:&quot;fadeInRight&quot;}\">\n\t\t\t\t<div class=\"elementor-element elementor-element-0bfdebe elementor-widget elementor-widget-heading\" data-id=\"0bfdebe\" data-element_type=\"widget\" data-e-type=\"widget\" data-widget_type=\"heading.default\">\n\t\t\t\t\t<h3 class=\"elementor-heading-title elementor-size-default\">R\u00e9novation<\/h3>\t\t\t\t<\/div>\n\t\t\t\t<div class=\"elementor-element elementor-element-fd8ec5d animated-slow elementor-invisible elementor-widget elementor-widget-text-editor\" data-id=\"fd8ec5d\" data-element_type=\"widget\" data-e-type=\"widget\" data-settings=\"{&quot;_animation&quot;:&quot;fadeInLeft&quot;}\" data-widget_type=\"text-editor.default\">\n\t\t\t\t\t\t\t\t\t<div id=\"1892244432\" class=\"u_1892244432 dmRespCol small-12 large-8 medium-8\"><div id=\"1393026499\" class=\"u_1393026499 dmNewParagraph hide-for-small\" data-element-type=\"paragraph\" data-version=\"5\"><p class=\"text-align-right\"><span class=\"\" data-ninja-font=\"spartan_thin_normal_u3bhc\">Vous souhaitez effectuer des travaux de r\u00e9novations ?<\/span><\/p><p class=\"text-align-right\"><span class=\"\" data-ninja-font=\"spartan_thin_normal_u3bhc\">BPELECTRICTE est \u00e0 votre \u00e9coute pour tout projet<\/span><br \/><span class=\"\" data-ninja-font=\"spartan_thin_normal_u3bhc\">de r\u00e9novation \u00e9lectrique.<\/span><\/p><\/div><\/div>\t\t\t\t\t\t\t\t<\/div>\n\t\t\t\t<\/div>\n\t\t<div class=\"elementor-element elementor-element-4fe2bea e-con-full animated-slow e-flex elementor-invisible e-con e-child\" data-id=\"4fe2bea\" data-element_type=\"container\" data-e-type=\"container\" data-settings=\"{&quot;animation&quot;:&quot;fadeInRight&quot;}\">\n\t\t\t\t<div class=\"elementor-element elementor-element-0798101 elementor-widget elementor-widget-image\" data-id=\"0798101\" data-element_type=\"widget\" data-e-type=\"widget\" data-widget_type=\"image.default\">\n\t\t\t\t\t\t\t\t\t\t\t\t\t\t\t<img decoding=\"async\" width=\"458\" height=\"410\" src=\"https:\/\/b-p-electricite.fr\/wp-content\/uploads\/2026\/03\/Plandetravail3-4x-1920w.png\" class=\"attachment-large size-large wp-image-75\" alt=\"\" srcset=\"https:\/\/b-p-electricite.fr\/wp-content\/uploads\/2026\/03\/Plandetravail3-4x-1920w.png 458w, https:\/\/b-p-electricite.fr\/wp-content\/uploads\/2026\/03\/Plandetravail3-4x-1920w-300x269.png 300w\" sizes=\"(max-width: 458px) 100vw, 458px\" \/>\t\t\t\t\t\t\t\t\t\t\t\t\t\t\t<\/div>\n\t\t\t\t<\/div>\n\t\t\t\t<\/div>\n\t\t<div class=\"elementor-element elementor-element-b02eb31 e-con-full e-flex e-con e-child\" data-id=\"b02eb31\" data-element_type=\"container\" data-e-type=\"container\">\n\t\t<div class=\"elementor-element elementor-element-074135c e-con-full animated-slow e-flex elementor-invisible e-con e-child\" data-id=\"074135c\" data-element_type=\"container\" data-e-type=\"container\" data-settings=\"{&quot;animation&quot;:&quot;fadeInLeft&quot;}\">\n\t\t\t\t<div class=\"elementor-element elementor-element-b7bc773 elementor-widget elementor-widget-image\" data-id=\"b7bc773\" data-element_type=\"widget\" data-e-type=\"widget\" data-widget_type=\"image.default\">\n\t\t\t\t\t\t\t\t\t\t\t\t\t\t\t<img loading=\"lazy\" decoding=\"async\" width=\"459\" height=\"410\" src=\"https:\/\/b-p-electricite.fr\/wp-content\/uploads\/2026\/03\/Plandetravail3_1-4x-1920w.png\" class=\"attachment-large size-large wp-image-74\" alt=\"\" srcset=\"https:\/\/b-p-electricite.fr\/wp-content\/uploads\/2026\/03\/Plandetravail3_1-4x-1920w.png 459w, https:\/\/b-p-electricite.fr\/wp-content\/uploads\/2026\/03\/Plandetravail3_1-4x-1920w-300x268.png 300w\" sizes=\"(max-width: 459px) 100vw, 459px\" \/>\t\t\t\t\t\t\t\t\t\t\t\t\t\t\t<\/div>\n\t\t\t\t<\/div>\n\t\t<div class=\"elementor-element elementor-element-c9112b2 e-con-full animated-slow e-flex elementor-invisible e-con e-child\" data-id=\"c9112b2\" data-element_type=\"container\" data-e-type=\"container\" data-settings=\"{&quot;animation&quot;:&quot;fadeInRight&quot;}\">\n\t\t\t\t<div class=\"elementor-element elementor-element-7503fce elementor-widget elementor-widget-heading\" data-id=\"7503fce\" data-element_type=\"widget\" data-e-type=\"widget\" data-widget_type=\"heading.default\">\n\t\t\t\t\t<h3 class=\"elementor-heading-title elementor-size-default\">D\u00e9pannage<\/h3>\t\t\t\t<\/div>\n\t\t\t\t<div class=\"elementor-element elementor-element-8cb3212 animated-slow elementor-invisible elementor-widget elementor-widget-text-editor\" data-id=\"8cb3212\" data-element_type=\"widget\" data-e-type=\"widget\" data-settings=\"{&quot;_animation&quot;:&quot;fadeInLeft&quot;}\" data-widget_type=\"text-editor.default\">\n\t\t\t\t\t\t\t\t\t<p>Nous assurons un d\u00e9pannage rapide en cas de panne<br \/>\u00e9lectrique ou de coupure de courant.<\/p>\t\t\t\t\t\t\t\t<\/div>\n\t\t\t\t<\/div>\n\t\t\t\t<\/div>\n\t\t\t\t\t<\/div>\n\t\t\t\t<\/div>\n\t\t<div class=\"elementor-element elementor-element-32771e4 e-flex e-con-boxed e-con e-parent\" data-id=\"32771e4\" data-element_type=\"container\" data-e-type=\"container\" data-settings=\"{&quot;background_background&quot;:&quot;classic&quot;}\">\n\t\t\t\t\t<div class=\"e-con-inner\">\n\t\t\t\t\t<\/div>\n\t\t\t\t<\/div>\n\t\t<div class=\"elementor-element elementor-element-1550bb2 e-flex e-con-boxed e-con e-parent\" data-id=\"1550bb2\" data-element_type=\"container\" data-e-type=\"container\" id=\"Services\">\n\t\t\t\t\t<div class=\"e-con-inner\">\n\t\t\t\t<div class=\"elementor-element elementor-element-20d4234 elementor-widget elementor-widget-heading\" data-id=\"20d4234\" data-element_type=\"widget\" data-e-type=\"widget\" data-widget_type=\"heading.default\">\n\t\t\t\t\t<h2 class=\"elementor-heading-title elementor-size-default\">SERVICES<\/h2>\t\t\t\t<\/div>\n\t\t<div class=\"elementor-element elementor-element-b514be9 e-con-full e-flex e-con e-child\" data-id=\"b514be9\" data-element_type=\"container\" data-e-type=\"container\">\n\t\t<div class=\"elementor-element elementor-element-84276a1 e-con-full animated-slow e-flex elementor-invisible e-con e-child\" data-id=\"84276a1\" data-element_type=\"container\" data-e-type=\"container\" data-settings=\"{&quot;animation&quot;:&quot;fadeInUp&quot;}\">\n\t\t\t\t<div class=\"elementor-element elementor-element-d4fc4a4 elementor-position-top elementor-widget elementor-widget-image-box\" data-id=\"d4fc4a4\" data-element_type=\"widget\" data-e-type=\"widget\" data-widget_type=\"image-box.default\">\n\t\t\t\t\t<div class=\"elementor-image-box-wrapper\"><figure class=\"elementor-image-box-img\"><img loading=\"lazy\" decoding=\"async\" width=\"1920\" height=\"1440\" src=\"https:\/\/b-p-electricite.fr\/wp-content\/uploads\/2026\/03\/BPELECTRICITE-services_180426.jpg\" class=\"elementor-animation-grow attachment-full size-full wp-image-103\" alt=\"\" srcset=\"https:\/\/b-p-electricite.fr\/wp-content\/uploads\/2026\/03\/BPELECTRICITE-services_180426.jpg 1920w, https:\/\/b-p-electricite.fr\/wp-content\/uploads\/2026\/03\/BPELECTRICITE-services_180426-300x225.jpg 300w, https:\/\/b-p-electricite.fr\/wp-content\/uploads\/2026\/03\/BPELECTRICITE-services_180426-1024x768.jpg 1024w, https:\/\/b-p-electricite.fr\/wp-content\/uploads\/2026\/03\/BPELECTRICITE-services_180426-768x576.jpg 768w, https:\/\/b-p-electricite.fr\/wp-content\/uploads\/2026\/03\/BPELECTRICITE-services_180426-1536x1152.jpg 1536w\" sizes=\"(max-width: 1920px) 100vw, 1920px\" \/><\/figure><div class=\"elementor-image-box-content\"><h3 class=\"elementor-image-box-title\">Domotique<\/h3><\/div><\/div>\t\t\t\t<\/div>\n\t\t\t\t<\/div>\n\t\t<div class=\"elementor-element elementor-element-27ef669 e-con-full animated-slow e-flex elementor-invisible e-con e-child\" data-id=\"27ef669\" data-element_type=\"container\" data-e-type=\"container\" data-settings=\"{&quot;animation&quot;:&quot;fadeInUp&quot;}\">\n\t\t\t\t<div class=\"elementor-element elementor-element-70a8085 elementor-position-top elementor-widget elementor-widget-image-box\" data-id=\"70a8085\" data-element_type=\"widget\" data-e-type=\"widget\" data-widget_type=\"image-box.default\">\n\t\t\t\t\t<div class=\"elementor-image-box-wrapper\"><figure class=\"elementor-image-box-img\"><img loading=\"lazy\" decoding=\"async\" width=\"1728\" height=\"2304\" src=\"https:\/\/b-p-electricite.fr\/wp-content\/uploads\/2026\/03\/BPELECTRICITE-services_122231.jpg\" class=\"elementor-animation-grow attachment-full size-full wp-image-108\" alt=\"\" srcset=\"https:\/\/b-p-electricite.fr\/wp-content\/uploads\/2026\/03\/BPELECTRICITE-services_122231.jpg 1728w, https:\/\/b-p-electricite.fr\/wp-content\/uploads\/2026\/03\/BPELECTRICITE-services_122231-225x300.jpg 225w, https:\/\/b-p-electricite.fr\/wp-content\/uploads\/2026\/03\/BPELECTRICITE-services_122231-768x1024.jpg 768w, https:\/\/b-p-electricite.fr\/wp-content\/uploads\/2026\/03\/BPELECTRICITE-services_122231-1152x1536.jpg 1152w, https:\/\/b-p-electricite.fr\/wp-content\/uploads\/2026\/03\/BPELECTRICITE-services_122231-1536x2048.jpg 1536w\" sizes=\"(max-width: 1728px) 100vw, 1728px\" \/><\/figure><div class=\"elementor-image-box-content\"><h3 class=\"elementor-image-box-title\">\u00c9clairage<\/h3><\/div><\/div>\t\t\t\t<\/div>\n\t\t\t\t<\/div>\n\t\t<div class=\"elementor-element elementor-element-37e10f1 e-con-full animated-slow e-flex elementor-invisible e-con e-child\" data-id=\"37e10f1\" data-element_type=\"container\" data-e-type=\"container\" data-settings=\"{&quot;animation&quot;:&quot;fadeInUp&quot;}\">\n\t\t\t\t<div class=\"elementor-element elementor-element-3a8435d elementor-position-top elementor-widget elementor-widget-image-box\" data-id=\"3a8435d\" data-element_type=\"widget\" data-e-type=\"widget\" data-widget_type=\"image-box.default\">\n\t\t\t\t\t<div class=\"elementor-image-box-wrapper\"><figure class=\"elementor-image-box-img\"><img loading=\"lazy\" decoding=\"async\" width=\"500\" height=\"500\" src=\"https:\/\/b-p-electricite.fr\/wp-content\/uploads\/2026\/03\/industrie.webp\" class=\"elementor-animation-grow attachment-full size-full wp-image-110\" alt=\"\" srcset=\"https:\/\/b-p-electricite.fr\/wp-content\/uploads\/2026\/03\/industrie.webp 500w, https:\/\/b-p-electricite.fr\/wp-content\/uploads\/2026\/03\/industrie-300x300.webp 300w, https:\/\/b-p-electricite.fr\/wp-content\/uploads\/2026\/03\/industrie-150x150.webp 150w\" sizes=\"(max-width: 500px) 100vw, 500px\" \/><\/figure><div class=\"elementor-image-box-content\"><h3 class=\"elementor-image-box-title\">Industriel<\/h3><\/div><\/div>\t\t\t\t<\/div>\n\t\t\t\t<\/div>\n\t\t<div class=\"elementor-element elementor-element-941b33e e-con-full animated-slow e-flex elementor-invisible e-con e-child\" data-id=\"941b33e\" data-element_type=\"container\" data-e-type=\"container\" data-settings=\"{&quot;animation&quot;:&quot;fadeInUp&quot;}\">\n\t\t\t\t<div class=\"elementor-element elementor-element-e7914de elementor-position-top elementor-widget elementor-widget-image-box\" data-id=\"e7914de\" data-element_type=\"widget\" data-e-type=\"widget\" data-widget_type=\"image-box.default\">\n\t\t\t\t\t<div class=\"elementor-image-box-wrapper\"><figure class=\"elementor-image-box-img\"><img loading=\"lazy\" decoding=\"async\" width=\"400\" height=\"711\" src=\"https:\/\/b-p-electricite.fr\/wp-content\/uploads\/2026\/03\/tableau-electrique-OK-2.jpg\" class=\"elementor-animation-grow attachment-full size-full wp-image-107\" alt=\"\" srcset=\"https:\/\/b-p-electricite.fr\/wp-content\/uploads\/2026\/03\/tableau-electrique-OK-2.jpg 400w, https:\/\/b-p-electricite.fr\/wp-content\/uploads\/2026\/03\/tableau-electrique-OK-2-169x300.jpg 169w\" sizes=\"(max-width: 400px) 100vw, 400px\" \/><\/figure><div class=\"elementor-image-box-content\"><h3 class=\"elementor-image-box-title\">Tableau \u00e9lectrique<\/h3><\/div><\/div>\t\t\t\t<\/div>\n\t\t\t\t<\/div>\n\t\t\t\t<\/div>\n\t\t\t\t\t<\/div>\n\t\t\t\t<\/div>\n\t\t<div class=\"elementor-element elementor-element-15f56c8 e-flex e-con-boxed e-con e-parent\" data-id=\"15f56c8\" data-element_type=\"container\" data-e-type=\"container\" id=\"Contact\" data-settings=\"{&quot;background_background&quot;:&quot;classic&quot;}\">\n\t\t\t\t\t<div class=\"e-con-inner\">\n\t\t\t\t<div class=\"elementor-element elementor-element-90f47aa elementor-widget elementor-widget-heading\" data-id=\"90f47aa\" data-element_type=\"widget\" data-e-type=\"widget\" data-widget_type=\"heading.default\">\n\t\t\t\t\t<h2 class=\"elementor-heading-title elementor-size-default\">Contactez-moi<\/h2>\t\t\t\t<\/div>\n\t\t<div class=\"elementor-element elementor-element-ace6c30 e-con-full e-flex e-con e-child\" data-id=\"ace6c30\" data-element_type=\"container\" data-e-type=\"container\">\n\t\t\t\t<div class=\"elementor-element elementor-element-a9fc6c0 elementor-button-align-center elementor-widget elementor-widget-form\" data-id=\"a9fc6c0\" data-element_type=\"widget\" data-e-type=\"widget\" data-settings=\"{&quot;step_next_label&quot;:&quot;Next&quot;,&quot;step_previous_label&quot;:&quot;Previous&quot;,&quot;button_width&quot;:&quot;100&quot;,&quot;step_type&quot;:&quot;number_text&quot;,&quot;step_icon_shape&quot;:&quot;circle&quot;}\" data-widget_type=\"form.default\">\n\t\t\t\t\t\t\t<form class=\"elementor-form\" method=\"post\" name=\"New Form\" aria-label=\"New Form\">\n\t\t\t<input type=\"hidden\" name=\"post_id\" value=\"54\"\/>\n\t\t\t<input type=\"hidden\" name=\"form_id\" value=\"a9fc6c0\"\/>\n\t\t\t<input type=\"hidden\" name=\"referer_title\" value=\"\" \/>\n\n\t\t\t\t\t\t\t<input type=\"hidden\" name=\"queried_id\" value=\"54\"\/>\n\t\t\t\n\t\t\t<div class=\"elementor-form-fields-wrapper elementor-labels-above\">\n\t\t\t\t\t\t\t\t<div class=\"elementor-field-type-text elementor-field-group elementor-column elementor-field-group-name elementor-col-50\">\n\t\t\t\t\t\t\t\t\t\t\t\t<label for=\"form-field-name\" class=\"elementor-field-label\">\n\t\t\t\t\t\t\t\tNom\t\t\t\t\t\t\t<\/label>\n\t\t\t\t\t\t\t\t\t\t\t\t\t\t<input size=\"1\" type=\"text\" name=\"form_fields[name]\" id=\"form-field-name\" class=\"elementor-field elementor-size-sm  elementor-field-textual\">\n\t\t\t\t\t\t\t\t\t\t\t<\/div>\n\t\t\t\t\t\t\t\t<div class=\"elementor-field-type-tel elementor-field-group elementor-column elementor-field-group-field_c5b87d4 elementor-col-50\">\n\t\t\t\t\t\t\t\t\t\t\t\t<label for=\"form-field-field_c5b87d4\" class=\"elementor-field-label\">\n\t\t\t\t\t\t\t\tNum\u00e9ro de t\u00e9l\u00e9phone\t\t\t\t\t\t\t<\/label>\n\t\t\t\t\t\t\t\t<input size=\"1\" type=\"tel\" name=\"form_fields[field_c5b87d4]\" id=\"form-field-field_c5b87d4\" class=\"elementor-field elementor-size-sm  elementor-field-textual\" pattern=\"[0-9()#&amp;+*-=.]+\" title=\"Only numbers and phone characters (#, -, *, etc) are accepted.\">\n\n\t\t\t\t\t\t<\/div>\n\t\t\t\t\t\t\t\t<div class=\"elementor-field-type-email elementor-field-group elementor-column elementor-field-group-email elementor-col-100 elementor-field-required elementor-mark-required\">\n\t\t\t\t\t\t\t\t\t\t\t\t<label for=\"form-field-email\" class=\"elementor-field-label\">\n\t\t\t\t\t\t\t\tE-mail\t\t\t\t\t\t\t<\/label>\n\t\t\t\t\t\t\t\t\t\t\t\t\t\t<input size=\"1\" type=\"email\" name=\"form_fields[email]\" id=\"form-field-email\" class=\"elementor-field elementor-size-sm  elementor-field-textual\" required=\"required\">\n\t\t\t\t\t\t\t\t\t\t\t<\/div>\n\t\t\t\t\t\t\t\t<div class=\"elementor-field-type-text elementor-field-group elementor-column elementor-field-group-field_8625c76 elementor-col-100\">\n\t\t\t\t\t\t\t\t\t\t\t\t<label for=\"form-field-field_8625c76\" class=\"elementor-field-label\">\n\t\t\t\t\t\t\t\tObjet\t\t\t\t\t\t\t<\/label>\n\t\t\t\t\t\t\t\t\t\t\t\t\t\t<input size=\"1\" type=\"text\" name=\"form_fields[field_8625c76]\" id=\"form-field-field_8625c76\" class=\"elementor-field elementor-size-sm  elementor-field-textual\">\n\t\t\t\t\t\t\t\t\t\t\t<\/div>\n\t\t\t\t\t\t\t\t<div class=\"elementor-field-type-textarea elementor-field-group elementor-column elementor-field-group-message elementor-col-100\">\n\t\t\t\t\t\t\t\t\t\t\t\t<label for=\"form-field-message\" class=\"elementor-field-label\">\n\t\t\t\t\t\t\t\tMessage\t\t\t\t\t\t\t<\/label>\n\t\t\t\t\t\t<textarea class=\"elementor-field-textual elementor-field  elementor-size-sm\" name=\"form_fields[message]\" id=\"form-field-message\" rows=\"4\"><\/textarea>\t\t\t\t<\/div>\n\t\t\t\t\t\t\t\t<div class=\"elementor-field-group elementor-column elementor-field-type-submit elementor-col-100 e-form__buttons\">\n\t\t\t\t\t<button class=\"elementor-button elementor-size-sm elementor-animation-grow\" type=\"submit\">\n\t\t\t\t\t\t<span class=\"elementor-button-content-wrapper\">\n\t\t\t\t\t\t\t\t\t\t\t\t\t\t\t\t\t\t\t\t\t\t<span class=\"elementor-button-text\">Envoyer <\/span>\n\t\t\t\t\t\t\t\t\t\t\t\t\t<\/span>\n\t\t\t\t\t<\/button>\n\t\t\t\t<\/div>\n\t\t\t<\/div>\n\t\t<\/form>\n\t\t\t\t\t\t<\/div>\n\t\t\t\t<\/div>\n\t\t\t\t\t<\/div>\n\t\t\t\t<\/div>\n\t\t\t\t<\/div>\n\t\t","protected":false},"excerpt":{"rendered":"<p>\u00c9lectricien qualifi\u00e9 proche de chez vous 23 ans d\u2019exp\u00e9riences DEMANDEZ UN RENDEZ-VOUS BP Electricit\u00e9 r\u00e9alise du d\u00e9pannage , la mise aux normes des installations \u00e9lectriques, de la r\u00e9novation et de la domotique. Votre sp\u00e9cialiste se d\u00e9place dans l\u2019Eure, le Calvados et La Seine Maritime. INTERVENTIONS Installation neuve et domotique Reconnue pour son savoir-faire et son [&hellip;]<\/p>\n","protected":false},"author":1,"featured_media":0,"parent":0,"menu_order":0,"comment_status":"closed","ping_status":"closed","template":"","meta":{"footnotes":""},"class_list":["post-54","page","type-page","status-publish","hentry"],"_links":{"self":[{"href":"https:\/\/b-p-electricite.fr\/index.php?rest_route=\/wp\/v2\/pages\/54","targetHints":{"allow":["GET"]}}],"collection":[{"href":"https:\/\/b-p-electricite.fr\/index.php?rest_route=\/wp\/v2\/pages"}],"about":[{"href":"https:\/\/b-p-electricite.fr\/index.php?rest_route=\/wp\/v2\/types\/page"}],"author":[{"embeddable":true,"href":"https:\/\/b-p-electricite.fr\/index.php?rest_route=\/wp\/v2\/users\/1"}],"replies":[{"embeddable":true,"href":"https:\/\/b-p-electricite.fr\/index.php?rest_route=%2Fwp%2Fv2%2Fcomments&post=54"}],"version-history":[{"count":88,"href":"https:\/\/b-p-electricite.fr\/index.php?rest_route=\/wp\/v2\/pages\/54\/revisions"}],"predecessor-version":[{"id":170,"href":"https:\/\/b-p-electricite.fr\/index.php?rest_route=\/wp\/v2\/pages\/54\/revisions\/170"}],"wp:attachment":[{"href":"https:\/\/b-p-electricite.fr\/index.php?rest_route=%2Fwp%2Fv2%2Fmedia&parent=54"}],"curies":[{"name":"wp","href":"https:\/\/api.w.org\/{rel}","templated":true}]}}